{"id":259,"date":"2024-07-23T23:30:04","date_gmt":"2024-07-23T14:30:04","guid":{"rendered":"https:\/\/richestate.co.jp\/?page_id=259"},"modified":"2024-10-18T22:32:16","modified_gmt":"2024-10-18T13:32:16","slug":"sale","status":"publish","type":"page","link":"https:\/\/richestate.co.jp\/?page_id=259","title":{"rendered":"\u4e0d\u52d5\u7523\u58f2\u5374\u306e\u3054\u76f8\u8ac7"},"content":{"rendered":"\n<div class=\"wp-block-cover alignfull has-tiny-font-size\"><span aria-hidden=\"true\" class=\"wp-block-cover__background has-background-dim-100 has-background-dim\" style=\"background-color:#5b75bc\"><\/span><div class=\"wp-block-cover__inner-container is-layout-constrained wp-block-cover-is-layout-constrained\">\n<p class=\"has-text-align-center vk_block-margin-0--margin-bottom vk_block-margin-0--margin-top has-large-font-size\"><\/p>\n<\/div><\/div>\n\n\n\n<div class=\"wp-block-cover alignfull is-light has-parallax vk_block-margin-0--margin-top\" style=\"min-height:337px;aspect-ratio:unset;\"><span aria-hidden=\"true\" class=\"wp-block-cover__background has-bg-primary-background-color has-background-dim-0 has-background-dim\"><\/span><div class=\"wp-block-cover__image-background wp-image-378 has-parallax\" style=\"background-position:50% 50%;background-image:url(https:\/\/richestate.co.jp\/wp-content\/uploads\/2024\/07\/29901747_m.jpg)\"><\/div><div class=\"wp-block-cover__inner-container is-layout-flow wp-block-cover-is-layout-flow\">\n<div class=\"wp-block-vk-blocks-spacer vk_spacer vk_spacer-type-margin-top\"><div class=\"vk_block-margin-sm--margin-top\"><\/div><\/div>\n\n\n\n<h2 class=\"wp-block-heading has-text-align-center has-bg-primary-color has-text-color has-link-color has-huge-font-size wp-elements-a3e966009cd895cf759453e6ebf7181a\">\u58f2\u5374\u306a\u3089<br>\u30ea\u30c3\u30c1\u4e0d\u52d5\u7523<\/h2>\n\n\n\n<figure class=\"wp-block-image aligncenter size-full is-resized has-custom-border is-style-default\"><img loading=\"lazy\" decoding=\"async\" width=\"1351\" height=\"761\" src=\"https:\/\/richestate.co.jp\/wp-content\/uploads\/2024\/08\/3\u30a2\u30fc\u30c8\u30dc\u30fc\u30c9-3_1-edited.png\" alt=\"\u58f2\u5374\u306f\uff12\uff05\u3067\u5bfe\u5fdc\u3057\u307e\u3059\u3002\" class=\"wp-image-446\" style=\"border-radius:0px;width:717px;height:auto\" srcset=\"https:\/\/richestate.co.jp\/wp-content\/uploads\/2024\/08\/3\u30a2\u30fc\u30c8\u30dc\u30fc\u30c9-3_1-edited.png 1351w, https:\/\/richestate.co.jp\/wp-content\/uploads\/2024\/08\/3\u30a2\u30fc\u30c8\u30dc\u30fc\u30c9-3_1-edited-300x169.png 300w, https:\/\/richestate.co.jp\/wp-content\/uploads\/2024\/08\/3\u30a2\u30fc\u30c8\u30dc\u30fc\u30c9-3_1-edited-1024x577.png 1024w, https:\/\/richestate.co.jp\/wp-content\/uploads\/2024\/08\/3\u30a2\u30fc\u30c8\u30dc\u30fc\u30c9-3_1-edited-768x433.png 768w\" sizes=\"auto, (max-width: 1351px) 100vw, 1351px\" \/><\/figure>\n<\/div><\/div>\n\n\n\n<div class=\"wp-block-cover alignfull\" style=\"min-height:64px;aspect-ratio:unset;\"><span aria-hidden=\"true\" class=\"wp-block-cover__background has-background-dim-100 has-background-dim\" style=\"background-color:#5b75bc\"><\/span><div class=\"wp-block-cover__inner-container is-layout-flow wp-block-cover-is-layout-flow\">\n<p class=\"has-text-align-center vk_block-margin-0--margin-top vk_block-margin-0--margin-bottom has-large-font-size\"><\/p>\n<\/div><\/div>\n\n\n\n<div class=\"wp-block-group alignfull has-background is-layout-constrained wp-container-core-group-is-layout-4876c0f9 wp-block-group-is-layout-constrained\" style=\"background-color:#5b75bc;padding-top:0px;padding-right:0px;padding-bottom:40px;padding-left:0px\">\n<div class=\"wp-block-vk-blocks-button vk_button vk_button-color-custom vk_button-12256858-a57d-4e2e-bf67-c66a2295be14 vk_button-align-center is-style-shine\"><a href=\"https:\/\/lin.ee\/58OvUKZ\" style=\"border-radius:3px\" class=\"vk_button_link btn has-background btn-lg\" role=\"button\" aria-pressed=\"true\" target=\"_blank\" rel=\"noopener\"><div class=\"vk_button_link_caption\"><i class=\"fa-brands fa-line vk_button_link_before\" style=\"font-size:45px\" aria-hidden=\"true\"><\/i><span class=\"vk_button_link_txt\">    \u58f2\u5374\u5c02\u7528 \u516c\u5f0fLINE       <\/span><\/div><\/a><\/div><style type=\"text\/css\">.vk_button-12256858-a57d-4e2e-bf67-c66a2295be14 .has-background {\n\t\t\t\tbackground-color: #00b132;\n\t\t\t\tborder: 1px solid #00b132;\n\t\t\t} <\/style>\n<\/div>\n\n\n\n<div class=\"wp-block-vk-blocks-spacer vk_spacer vk_spacer-type-margin-top vk_block-margin-0--margin-bottom vk_block-margin-lg--margin-top\"><div class=\"vk_block-margin-md--margin-top\"><\/div><\/div>\n\n\n\n<h1 class=\"wp-block-heading has-text-align-center vk_block-margin-lg--margin-top is-style-default vk_block-margin-xs--margin-bottom has-bg-primary-background-color has-background has-xxx-large-font-size\">\u58f2\u5374\u306b\u5f37\u3044 3\u3064\u306e\u7406\u7531<\/h1>\n\n\n\n<div class=\"wp-block-columns is-style-default is-layout-flex wp-container-core-columns-is-layout-28f84493 wp-block-columns-is-layout-flex\">\n<div class=\"wp-block-column is-layout-flow wp-block-column-is-layout-flow\" style=\"padding-top:20px;padding-right:20px;padding-bottom:20px;padding-left:20px\">\n<figure class=\"wp-block-image size-full has-custom-border vk_block-margin-md--margin-bottom is-style-default\"><img loading=\"lazy\" decoding=\"async\" width=\"1920\" height=\"1358\" src=\"https:\/\/richestate.co.jp\/wp-content\/uploads\/2024\/07\/4811817_m.jpg\" alt=\"\" class=\"wp-image-360\" style=\"border-radius:50%;aspect-ratio:4\/3;object-fit:cover\" srcset=\"https:\/\/richestate.co.jp\/wp-content\/uploads\/2024\/07\/4811817_m.jpg 1920w, https:\/\/richestate.co.jp\/wp-content\/uploads\/2024\/07\/4811817_m-300x212.jpg 300w, https:\/\/richestate.co.jp\/wp-content\/uploads\/2024\/07\/4811817_m-1024x724.jpg 1024w, https:\/\/richestate.co.jp\/wp-content\/uploads\/2024\/07\/4811817_m-768x543.jpg 768w, https:\/\/richestate.co.jp\/wp-content\/uploads\/2024\/07\/4811817_m-1536x1086.jpg 1536w\" sizes=\"auto, (max-width: 1920px) 100vw, 1920px\" \/><\/figure>\n\n\n\n<h2 class=\"wp-block-heading has-text-align-center is-style-vk-heading-plain has-xx-large-font-size\">\u2460\u8c4a\u5bcc\u306a\u30a2\u30d1\u30fc\u30c8\u58f2\u5374<br>\u306e\u5b9f\u7e3e<\/h2>\n\n\n\n<p class=\"has-text-align-center vk_block-margin-0--margin-bottom has-x-large-font-size\">\u5f53\u793e\u306f\u3053\u308c\u307e\u3067\u6570\u591a\u304f\u306e\u30a2\u30d1\u30fc\u30c8\u58f2\u5374\u306b\u643a\u308f\u3063\u3066\u307e\u3044\u308a\u307e\u3057\u305f\u3002\u305d\u308c\u3089\u306e\u5b9f\u7e3e\u3084\u5468\u8fba\u306e\u76f8\u5834\u60c5\u5831\u30fb\u8ca9\u58f2\u5b9f\u4f8b\u3092\u53c2\u8003\u306b\u3001\u58f2\u4e3b\u69d8\u306b\u3068\u3063\u3066\u6700\u9069\u306a\u58f2\u5374\u5fa1\u30d7\u30e9\u30f3\u306e\u3054\u63d0\u6848\u304c\u53ef\u80fd\u3067\u3059\u3002<\/p>\n<\/div>\n\n\n\n<div class=\"wp-block-column is-layout-flow wp-block-column-is-layout-flow\" style=\"padding-top:20px;padding-right:20px;padding-bottom:20px;padding-left:20px\">\n<figure class=\"wp-block-image size-full has-custom-border vk_block-margin-md--margin-bottom is-style-default\"><img loading=\"lazy\" decoding=\"async\" width=\"1920\" height=\"1358\" src=\"https:\/\/richestate.co.jp\/wp-content\/uploads\/2024\/07\/4700671_m.jpg\" alt=\"\" class=\"wp-image-359\" style=\"border-radius:50%;aspect-ratio:4\/3;object-fit:cover\" srcset=\"https:\/\/richestate.co.jp\/wp-content\/uploads\/2024\/07\/4700671_m.jpg 1920w, https:\/\/richestate.co.jp\/wp-content\/uploads\/2024\/07\/4700671_m-300x212.jpg 300w, https:\/\/richestate.co.jp\/wp-content\/uploads\/2024\/07\/4700671_m-1024x724.jpg 1024w, https:\/\/richestate.co.jp\/wp-content\/uploads\/2024\/07\/4700671_m-768x543.jpg 768w, https:\/\/richestate.co.jp\/wp-content\/uploads\/2024\/07\/4700671_m-1536x1086.jpg 1536w\" sizes=\"auto, (max-width: 1920px) 100vw, 1920px\" \/><\/figure>\n\n\n\n<h2 class=\"wp-block-heading has-text-align-center is-style-vk-heading-plain has-xx-large-font-size\">\u2461\u5168\u56fd\u304b\u3089\u8cfc\u5165\u5e0c\u671b\u8005\u3092<br>\u63a2\u305b\u308b\u30cd\u30c3\u30c8\u30ef\u30fc\u30af<\/h2>\n\n\n\n<p class=\"has-text-align-center vk_block-margin-0--margin-bottom has-x-large-font-size\">\u8cb7\u4e3b\u69d8\u5019\u88dc\u306f\u591a\u3051\u308c\u3070\u591a\u3044\u307b\u3069\u6709\u5229\u306b\u306a\u308b\u306e\u306f\u5f53\u7136\u3067\u3059\u3002\u5f0a\u793e\u306f\u4e0d\u52d5\u7523\u6295\u8cc7\u5316\u306e\u65b9\u30822\u4e07\u4eba\u8fd1\u304f\u62b1\u3048\u3066\u304a\u308a\u3001\u878d\u8cc7\u306b\u5f37\u3044\u4e0d\u52d5\u7523\u4f1a\u793e\u306e\u30cd\u30c3\u30c8\u30ef\u30fc\u30af\u3082\u591a\u6570\u3042\u308a\u307e\u3059\u3002\u58f2\u4e3b\u69d8\u306e\u6761\u4ef6\u306b\u3042\u3046\u8cfc\u5165\u5e0c\u671b\u8005\u3092\u5168\u56fd\u3067\u304a\u63a2\u3057\u3059\u308b\u3053\u3068\u304c\u53ef\u80fd\u3067\u3059\u3002<\/p>\n<\/div>\n\n\n\n<div class=\"wp-block-column is-layout-flow wp-block-column-is-layout-flow\" style=\"padding-top:20px;padding-right:20px;padding-bottom:20px;padding-left:20px\">\n<figure class=\"wp-block-image size-full has-custom-border vk_block-margin-md--margin-bottom is-style-default\"><img loading=\"lazy\" decoding=\"async\" width=\"1920\" height=\"1358\" src=\"https:\/\/richestate.co.jp\/wp-content\/uploads\/2024\/07\/22864334_m.jpg\" alt=\"\" class=\"wp-image-362\" style=\"border-radius:50%;aspect-ratio:4\/3;object-fit:cover\" srcset=\"https:\/\/richestate.co.jp\/wp-content\/uploads\/2024\/07\/22864334_m.jpg 1920w, https:\/\/richestate.co.jp\/wp-content\/uploads\/2024\/07\/22864334_m-300x212.jpg 300w, https:\/\/richestate.co.jp\/wp-content\/uploads\/2024\/07\/22864334_m-1024x724.jpg 1024w, https:\/\/richestate.co.jp\/wp-content\/uploads\/2024\/07\/22864334_m-768x543.jpg 768w, https:\/\/richestate.co.jp\/wp-content\/uploads\/2024\/07\/22864334_m-1536x1086.jpg 1536w\" sizes=\"auto, (max-width: 1920px) 100vw, 1920px\" \/><\/figure>\n\n\n\n<h2 class=\"wp-block-heading has-text-align-center is-style-vk-heading-plain has-xx-large-font-size\">\u2462\u4e0d\u52d5\u7523\u58f2\u5374\u76ca\u30a2\u30c3\u30d7<br>\u306e\u30b5\u30dd\u30fc\u30c8<\/h2>\n\n\n\n<p class=\"has-text-align-center vk_block-margin-0--margin-bottom has-x-large-font-size\">\u5f53\u793e\u3067\u306f\u7269\u4ef6\u4fa1\u683c\u3092\u5f15\u304d\u4e0a\u3052\u308b\u3053\u3068\u3067\u58f2\u5374\u76ca\u3092\u4e0a\u3052\u305f\u5b9f\u7e3e\u304c\u591a\u6570\u3042\u308a\u307e\u3059\u3002\u58f2\u5374\u304c\u521d\u3081\u3066\u306e\u304a\u5ba2\u69d8\u3067\u3082\u3001\u5c11\u3057\u3067\u3082\u9ad8\u304f\u58f2\u308c\u308b\u3088\u3046\u306a\u30a2\u30c9\u30d0\u30a4\u30b9\u3082\u53ef\u80fd\u3067\u3059\u3002\u305c\u3072\u4e00\u5ea6\u3054\u76f8\u8ac7\u304f\u3060\u3055\u3044\u3002<\/p>\n<\/div>\n<\/div>\n\n\n\n<div class=\"wp-block-vk-blocks-spacer vk_spacer vk_spacer-type-margin-top\"><div class=\"vk_block-margin-md--margin-top\"><\/div><\/div>\n\n\n\n<div class=\"wp-block-vk-blocks-spacer vk_spacer vk_spacer-type-margin-top vk_block-margin-md--margin-top\"><div class=\"vk_block-margin-md--margin-top\"><\/div><\/div>\n\n\n\n<h1 class=\"wp-block-heading has-text-align-center is-style-default vk_block-margin-xxs--margin-bottom vk_block-margin-md--margin-top has-bg-primary-background-color has-background has-xxx-large-font-size\">M&amp;A\u306e\u58f2\u5374<br>\u3054\u76f8\u8ac7\u53ef\u80fd<\/h1>\n\n\n\n<div class=\"wp-block-cover is-light has-parallax\" style=\"min-height:282px;aspect-ratio:unset;\"><span aria-hidden=\"true\" class=\"wp-block-cover__background has-bg-primary-background-color has-background-dim-90 has-background-dim\"><\/span><div class=\"wp-block-cover__image-background wp-image-142 has-parallax\" style=\"background-position:50% 50%;background-image:url(https:\/\/richestate.co.jp\/wp-content\/uploads\/2024\/06\/22264797_s.jpg)\"><\/div><div class=\"wp-block-cover__inner-container is-layout-constrained wp-block-cover-is-layout-constrained\">\n<div class=\"wp-block-vk-blocks-spacer vk_spacer vk_spacer-type-margin-top vk_block-margin-0--margin-top\"><div class=\"vk_block-margin-sm--margin-top\"><\/div><\/div>\n\n\n\n<div class=\"wp-block-media-text is-stacked-on-mobile is-image-fill\"><figure class=\"wp-block-media-text__media\" style=\"background-image:url(https:\/\/richestate.co.jp\/wp-content\/uploads\/2024\/07\/30022072_m.jpg);background-position:47% 62%\"><img loading=\"lazy\" decoding=\"async\" width=\"1920\" height=\"1280\" src=\"https:\/\/richestate.co.jp\/wp-content\/uploads\/2024\/07\/30022072_m.jpg\" alt=\"M&amp;A\u306e\u58f2\u5374\u3082\u3054\u76f8\u8ac7\u53ef\u80fd\u3067\u3059\" class=\"wp-image-358 size-full\" srcset=\"https:\/\/richestate.co.jp\/wp-content\/uploads\/2024\/07\/30022072_m.jpg 1920w, https:\/\/richestate.co.jp\/wp-content\/uploads\/2024\/07\/30022072_m-300x200.jpg 300w, https:\/\/richestate.co.jp\/wp-content\/uploads\/2024\/07\/30022072_m-1024x683.jpg 1024w, https:\/\/richestate.co.jp\/wp-content\/uploads\/2024\/07\/30022072_m-768x512.jpg 768w, https:\/\/richestate.co.jp\/wp-content\/uploads\/2024\/07\/30022072_m-1536x1024.jpg 1536w\" sizes=\"auto, (max-width: 1920px) 100vw, 1920px\" \/><\/figure><div class=\"wp-block-media-text__content\">\n<p><\/p>\n\n\n\n<p class=\"has-x-large-font-size\">M&amp;A\u3067\u306e\u58f2\u5374\u306a\u3069\u3082\u3054\u76f8\u8ac7\u3067\u304d\u307e\u3059\u3002M&amp;A\u3067\u306e\u58f2\u5374\u3067\u3042\u308c\u3070\u7a0e\u7387\u306f20%\u306b\u306a\u308a\u307e\u3059\u306e\u3067\u624b\u6b8b\u308a\u3082\u5897\u3048\u307e\u3059\u3002<br>\u8cb7\u4e3b\u69d8\u3082\u767b\u8a18\u8cbb\u7528\u3084\u4e0d\u52d5\u7523\u6240\u5f97\u7a0e\u3092\u6291\u3048\u3089\u308c\u307e\u3059\u306e\u3067\u3001\u901a\u5e38\u58f2\u5374\u3088\u308a\u3082\u3066\u6b8b\u308a\u306e\u91d1\u984d\u304c\u4e0a\u304c\u308b\u53ef\u80fd\u6027\u304c\u3042\u308a\u307e\u3059\u3002<\/p>\n\n\n\n<p class=\"has-x-large-font-size\">\u304a\u6c17\u8efd\u306b\u3054\u76f8\u8ac7\u304f\u3060\u3055\u3044\u3002<\/p>\n\n\n\n<p><\/p>\n<\/div><\/div>\n\n\n\n<div class=\"wp-block-vk-blocks-spacer vk_spacer vk_spacer-type-margin-top vk_block-margin-sm--margin-top\"><div class=\"vk_block-margin-md--margin-top\"><\/div><\/div>\n<\/div><\/div>\n\n\n\n<div class=\"wp-block-vk-blocks-spacer vk_spacer vk_spacer-type-margin-top vk_block-margin-xl--margin-top\"><div class=\"vk_block-margin-md--margin-top\"><\/div><\/div>\n\n\n\n<h1 class=\"wp-block-heading has-text-align-center is-style-default vk_block-margin-xxs--margin-bottom vk_block-margin-md--margin-top has-bg-primary-background-color has-background has-xxx-large-font-size\">\u58f2\u5374\u5c02\u7528\u516c\u5f0fLINE<br>\u30b5\u30fc\u30d3\u30b9\u958b\u59cb<\/h1>\n\n\n\n<div class=\"wp-block-cover is-light has-parallax\" style=\"min-height:279px;aspect-ratio:unset;\"><span aria-hidden=\"true\" class=\"wp-block-cover__background has-bg-primary-background-color has-background-dim-90 has-background-dim\"><\/span><div class=\"wp-block-cover__image-background wp-image-142 has-parallax\" style=\"background-position:50% 50%;background-image:url(https:\/\/richestate.co.jp\/wp-content\/uploads\/2024\/06\/22264797_s.jpg)\"><\/div><div class=\"wp-block-cover__inner-container is-layout-constrained wp-block-cover-is-layout-constrained\">\n<div class=\"wp-block-vk-blocks-spacer vk_spacer vk_spacer-type-margin-top vk_block-margin-0--margin-top\"><div class=\"vk_block-margin-sm--margin-top\"><\/div><\/div>\n\n\n\n<div class=\"wp-block-media-text has-media-on-the-right is-stacked-on-mobile is-image-fill\"><div class=\"wp-block-media-text__content\">\n<p><\/p>\n\n\n\n<p class=\"has-x-large-font-size\">\u4e0d\u52d5\u7523\u58f2\u5374\u306e\u305f\u3081\u306e\u7121\u6599\u67fb\u5b9a\u3084\u58f2\u5374\u76ca\u30a2\u30c3\u30d7\u306e\u305f\u3081\u306e\u3054\u76f8\u8ac7\u3082\u58f2\u5374\u5c02\u7528LINE\u304b\u3089\u304a\u6c17\u8efd\u3054\u76f8\u8ac7\u3057\u3066\u3044\u305f\u3060\u3051\u308b\u3088\u3046\u306b\u306a\u308a\u307e\u3057\u305f\u3002<\/p>\n\n\n\n<p class=\"has-x-large-font-size\">\u516c\u5f0fLINE\u306f\u5f53\u793e\u306e\u62c5\u5f53\u3088\u308a\u30012,3\u55b6\u696d\u65e5\u4ee5\u5185\u306b\u8fd4\u4fe1\u3044\u305f\u3057\u307e\u3059\u3002<\/p>\n\n\n\n<p><\/p>\n\n\n\n<div class=\"wp-block-vk-blocks-button vk_button vk_button-color-custom vk_button-ea3a437a-f5a9-469c-bb3b-f6429c4a78b4 vk_button-align-wide is-style-shine\"><a href=\"https:\/\/lin.ee\/58OvUKZ\" style=\"border-radius:3px\" class=\"vk_button_link btn has-background btn-lg\" role=\"button\" aria-pressed=\"true\" target=\"_blank\" rel=\"noopener\"><div class=\"vk_button_link_caption\"><i class=\"fa-brands fa-line vk_button_link_before\" style=\"font-size:40px\" aria-hidden=\"true\"><\/i><span class=\"vk_button_link_txt\">\u516c\u5f0fLINE  <\/span><\/div><\/a><\/div><style type=\"text\/css\">.vk_button-ea3a437a-f5a9-469c-bb3b-f6429c4a78b4 .has-background {\n\t\t\t\tbackground-color: #00b132;\n\t\t\t\tborder: 1px solid #00b132;\n\t\t\t} <\/style>\n<\/div><figure class=\"wp-block-media-text__media\" style=\"background-image:url(https:\/\/richestate.co.jp\/wp-content\/uploads\/2024\/07\/29748773_m-1024x765.jpg);background-position:50% 50%\"><img loading=\"lazy\" decoding=\"async\" width=\"1024\" height=\"765\" src=\"https:\/\/richestate.co.jp\/wp-content\/uploads\/2024\/07\/29748773_m-1024x765.jpg\" alt=\"\" class=\"wp-image-364 size-full\" srcset=\"https:\/\/richestate.co.jp\/wp-content\/uploads\/2024\/07\/29748773_m-1024x765.jpg 1024w, https:\/\/richestate.co.jp\/wp-content\/uploads\/2024\/07\/29748773_m-300x224.jpg 300w, https:\/\/richestate.co.jp\/wp-content\/uploads\/2024\/07\/29748773_m-768x574.jpg 768w, https:\/\/richestate.co.jp\/wp-content\/uploads\/2024\/07\/29748773_m-1536x1147.jpg 1536w, https:\/\/richestate.co.jp\/wp-content\/uploads\/2024\/07\/29748773_m.jpg 1920w\" sizes=\"auto, (max-width: 1024px) 100vw, 1024px\" \/><\/figure><\/div>\n\n\n\n<div class=\"wp-block-vk-blocks-spacer vk_spacer vk_spacer-type-margin-top vk_block-margin-md--margin-top\"><div class=\"vk_block-margin-md--margin-top\"><\/div><\/div>\n<\/div><\/div>\n\n\n\n<p><\/p>\n\n\n\n<div class=\"wp-block-vk-blocks-spacer vk_spacer vk_spacer-type-margin-top vk_block-margin-md--margin-bottom vk_block-margin-lg--margin-top\"><div class=\"vk_block-margin-md--margin-top\"><\/div><\/div>\n\n\n\n<h2 class=\"wp-block-heading has-text-align-center has-xxx-large-font-size\">\u58f2\u5374\u306b\u95a2\u3059\u308b\u304a\u898b\u7a4d\u308a<\/h2>\n\n\n\n<div class=\"wp-block-contact-form-7-contact-form-selector\">\n<div class=\"wpcf7 no-js\" id=\"wpcf7-f271-o1\" lang=\"ja\" dir=\"ltr\" data-wpcf7-id=\"271\">\n<div class=\"screen-reader-response\"><p role=\"status\" aria-live=\"polite\" aria-atomic=\"true\"><\/p> <ul><\/ul><\/div>\n<form action=\"\/index.php?rest_route=%2Fwp%2Fv2%2Fpages%2F259#wpcf7-f271-o1\" method=\"post\" class=\"wpcf7-form init\" aria-label=\"\u30b3\u30f3\u30bf\u30af\u30c8\u30d5\u30a9\u30fc\u30e0\" novalidate=\"novalidate\" data-status=\"init\">\n<fieldset class=\"hidden-fields-container\"><input type=\"hidden\" name=\"_wpcf7\" value=\"271\" \/><input type=\"hidden\" name=\"_wpcf7_version\" value=\"6.1.5\" \/><input type=\"hidden\" name=\"_wpcf7_locale\" value=\"ja\" \/><input type=\"hidden\" name=\"_wpcf7_unit_tag\" value=\"wpcf7-f271-o1\" \/><input type=\"hidden\" name=\"_wpcf7_container_post\" value=\"0\" \/><input type=\"hidden\" name=\"_wpcf7_posted_data_hash\" value=\"\" \/>\n<\/fieldset>\n<table class=\"CF7_table\">\n\t<tr>\n\t\t<th>\n\t\t\t<p><span class=\"CF7_req\">\u5fc5\u9808<\/span> \u3054\u76f8\u8ac7\u5185\u5bb9\n\t\t\t<\/p>\n\t\t<\/th>\n\t\t<td>\n\t\t\t<p><span class=\"wpcf7-form-control-wrap\" data-name=\"checkbox-inq\"><span class=\"wpcf7-form-control wpcf7-checkbox wpcf7-validates-as-required\"><span class=\"wpcf7-list-item first\"><input type=\"checkbox\" name=\"checkbox-inq[]\" value=\"\u3054\u76f8\u8ac7\" \/><span class=\"wpcf7-list-item-label\">\u3054\u76f8\u8ac7<\/span><\/span><span class=\"wpcf7-list-item\"><input type=\"checkbox\" name=\"checkbox-inq[]\" value=\"\u58f2\u5374\u76f8\u8ac7\" \/><span class=\"wpcf7-list-item-label\">\u58f2\u5374\u76f8\u8ac7<\/span><\/span><span class=\"wpcf7-list-item\"><input type=\"checkbox\" name=\"checkbox-inq[]\" value=\"\u7121\u6599\u67fb\u5b9a\" \/><span class=\"wpcf7-list-item-label\">\u7121\u6599\u67fb\u5b9a<\/span><\/span><span class=\"wpcf7-list-item last\"><input type=\"checkbox\" name=\"checkbox-inq[]\" value=\"\u305d\u306e\u4ed6\" \/><span class=\"wpcf7-list-item-label\">\u305d\u306e\u4ed6<\/span><\/span><\/span><\/span>\n\t\t\t<\/p>\n\t\t<\/td>\n\t<\/tr>\n\t<tr>\n\t\t<th>\n\t\t\t<p><span class=\"CF7_req\">\u5fc5\u9808<\/span> \u304a\u540d\u524d\n\t\t\t<\/p>\n\t\t<\/th>\n\t\t<td>\n\t\t\t<p><span class=\"wpcf7-form-control-wrap\" data-name=\"your-name\"><input size=\"40\" maxlength=\"400\" class=\"wpcf7-form-control wpcf7-text wpcf7-validates-as-required\" aria-required=\"true\" aria-invalid=\"false\" placeholder=\"\u4f8b\uff1a\u3042\u306a\u305f\u306e\u304a\u540d\u524d\" value=\"\" type=\"text\" name=\"your-name\" \/><\/span>\n\t\t\t<\/p>\n\t\t<\/td>\n\t<\/tr>\n\t<tr>\n\t\t<th>\n\t\t\t<p><span class=\"CF7_req\">\u5fc5\u9808<\/span> \u30e1\u30fc\u30eb\u30a2\u30c9\u30ec\u30b9\n\t\t\t<\/p>\n\t\t<\/th>\n\t\t<td>\n\t\t\t<p><span class=\"wpcf7-form-control-wrap\" data-name=\"your-email\"><input size=\"40\" maxlength=\"400\" class=\"wpcf7-form-control wpcf7-email wpcf7-validates-as-required wpcf7-text wpcf7-validates-as-email\" aria-required=\"true\" aria-invalid=\"false\" placeholder=\"\u4f8b\uff1a\u00d7\u00d7\u00d7@\u00d7\u00d7\u00d7.com\" value=\"\" type=\"email\" name=\"your-email\" \/><\/span>\n\t\t\t<\/p>\n\t\t<\/td>\n\t<\/tr>\n\t<tr>\n\t\t<th>\n\t\t\t<p><span class=\"CF7_req\">\u5fc5\u9808<\/span>\u96fb\u8a71\u756a\u53f7\n\t\t\t<\/p>\n\t\t<\/th>\n\t\t<td>\n\t\t\t<p><span class=\"wpcf7-form-control-wrap\" data-name=\"your-tel\"><input size=\"40\" maxlength=\"400\" class=\"wpcf7-form-control wpcf7-text wpcf7-validates-as-required\" aria-required=\"true\" aria-invalid=\"false\" placeholder=\"\u4f8b\uff1a03-1234-5678\" value=\"\" type=\"text\" name=\"your-tel\" \/><\/span>\n\t\t\t<\/p>\n\t\t<\/td>\n\t<\/tr>\n\t<tr>\n\t\t<th>\n\t\t\t<p><span class=\"CF7_unreq\">\u4efb\u610f<\/span>\u4f1a\u793e\u540d\n\t\t\t<\/p>\n\t\t<\/th>\n\t\t<td>\n\t\t\t<p><span class=\"wpcf7-form-control-wrap\" data-name=\"your-company\"><input size=\"40\" maxlength=\"400\" class=\"wpcf7-form-control wpcf7-text\" aria-invalid=\"false\" placeholder=\"\u4f8b\uff1a\u25ef\u25ef\u682a\u5f0f\u4f1a\u793e\" value=\"\" type=\"text\" name=\"your-company\" \/><\/span>\n\t\t\t<\/p>\n\t\t<\/td>\n\t<\/tr>\n\t<tr>\n\t\t<th>\n\t\t\t<p><span class=\"CF7_unreq\">\u4efb\u610f<\/span>\u90f5\u4fbf\u756a\u53f7\n\t\t\t<\/p>\n\t\t<\/th>\n\t\t<td>\n\t\t\t<p><span class=\"wpcf7-form-control-wrap\" data-name=\"zip\"><input size=\"40\" maxlength=\"400\" class=\"wpcf7-form-control wpcf7-text\" id=\"zip\" aria-invalid=\"false\" placeholder=\"\u4f8b\uff1a123-4567\" value=\"\" type=\"text\" name=\"zip\" \/><\/span>\n\t\t\t<\/p>\n\t\t<\/td>\n\t<\/tr>\n\t<tr>\n\t\t<th>\n\t\t\t<p><span class=\"CF7_unreq\">\u4efb\u610f<\/span>\u90fd\u9053\u5e9c\u770c\n\t\t\t<\/p>\n\t\t<\/th>\n\t\t<td>\n\t\t\t<p><span class=\"wpcf7-form-control-wrap\" data-name=\"pref\"><input size=\"40\" maxlength=\"400\" class=\"wpcf7-form-control wpcf7-text\" id=\"pref\" aria-invalid=\"false\" placeholder=\"\u4f8b\uff1a\u6771\u4eac\u90fd\" value=\"\" type=\"text\" name=\"pref\" \/><\/span>\n\t\t\t<\/p>\n\t\t<\/td>\n\t<\/tr>\n\t<tr>\n\t\t<th>\n\t\t\t<p><span class=\"CF7_unreq\">\u4efb\u610f<\/span>\u3054\u4f4f\u6240\n\t\t\t<\/p>\n\t\t<\/th>\n\t\t<td class=\"address-100\">\n\t\t\t<p><span class=\"wpcf7-form-control-wrap\" data-name=\"addr\"><input size=\"40\" maxlength=\"400\" class=\"wpcf7-form-control wpcf7-text\" id=\"addr\" aria-invalid=\"false\" placeholder=\"\u4f8b\uff1a\u4e2d\u592e\u533a\u9280\u5ea7\uff11\uff12\uff13\uff14\uff15\" value=\"\" type=\"text\" name=\"addr\" \/><\/span>\n\t\t\t<\/p>\n\t\t<\/td>\n\t<\/tr>\n\t<tr>\n\t\t<th>\n\t\t\t<p><span class=\"CF7_unreq\">\u4efb\u610f<\/span>\u304a\u554f\u5408\u305b\u5185\u5bb9<br \/>\n\uff08\u7269\u4ef6\u8a73\u7d30\u306a\u3069\uff09\n\t\t\t<\/p>\n\t\t<\/th>\n\t\t<td class=\"message-100\">\n\t\t\t<p><span class=\"wpcf7-form-control-wrap\" data-name=\"your-message\"><textarea cols=\"40\" rows=\"10\" maxlength=\"2000\" class=\"wpcf7-form-control wpcf7-textarea\" aria-invalid=\"false\" placeholder=\"\u304a\u554f\u3044\u5408\u308f\u305b\u5185\u5bb9\u3092\u3054\u8a18\u5165\u304f\u3060\u3055\u3044\uff08\u7269\u4ef6\u8a73\u7d30\u306a\u3069\u3082\u3054\u8a18\u5165\u304f\u3060\u3055\u3044\uff09\" name=\"your-message\"><\/textarea><\/span>\n\t\t\t<\/p>\n\t\t<\/td>\n\t<\/tr>\n<\/table>\n<p class=\"CF7_btn\"><input class=\"wpcf7-form-control wpcf7-submit has-spinner\" type=\"submit\" value=\"\u4e0a\u8a18\u5185\u5bb9\u3067\u9001\u4fe1\u3059\u308b\" \/>\n<\/p><p style=\"display: none !important;\" class=\"akismet-fields-container\" data-prefix=\"_wpcf7_ak_\"><label>&#916;<textarea name=\"_wpcf7_ak_hp_textarea\" cols=\"45\" rows=\"8\" maxlength=\"100\"><\/textarea><\/label><input type=\"hidden\" id=\"ak_js_1\" name=\"_wpcf7_ak_js\" value=\"219\"\/><script>document.getElementById( \"ak_js_1\" ).setAttribute( \"value\", ( new Date() ).getTime() );<\/script><\/p><div class=\"wpcf7-response-output\" aria-hidden=\"true\"><\/div>\n<\/form>\n<\/div>\n<\/div>\n\n\n\n<div class=\"wp-block-vk-blocks-spacer vk_spacer vk_spacer-type-margin-top vk_block-margin-lg--margin-top vk_block-margin-md--margin-bottom\"><div class=\"vk_block-margin-md--margin-top\"><\/div><\/div>\n","protected":false},"excerpt":{"rendered":"<p>\u4e0d\u52d5\u7523\u58f2\u5374\u306e\u3054\u76f8\u8ac7\u3002\u58f2\u5374\u306f\uff12\uff05\u3067\u5bfe\u5fdc\u3057\u307e\u3059\u3002<\/p>\n","protected":false},"author":1,"featured_media":63,"parent":0,"menu_order":1,"comment_status":"open","ping_status":"closed","template":"","meta":{"footnotes":""},"class_list":["post-259","page","type-page","status-publish","has-post-thumbnail","hentry"],"_links":{"self":[{"href":"https:\/\/richestate.co.jp\/index.php?rest_route=\/wp\/v2\/pages\/259","targetHints":{"allow":["GET"]}}],"collection":[{"href":"https:\/\/richestate.co.jp\/index.php?rest_route=\/wp\/v2\/pages"}],"about":[{"href":"https:\/\/richestate.co.jp\/index.php?rest_route=\/wp\/v2\/types\/page"}],"author":[{"embeddable":true,"href":"https:\/\/richestate.co.jp\/index.php?rest_route=\/wp\/v2\/users\/1"}],"replies":[{"embeddable":true,"href":"https:\/\/richestate.co.jp\/index.php?rest_route=%2Fwp%2Fv2%2Fcomments&post=259"}],"version-history":[{"count":69,"href":"https:\/\/richestate.co.jp\/index.php?rest_route=\/wp\/v2\/pages\/259\/revisions"}],"predecessor-version":[{"id":530,"href":"https:\/\/richestate.co.jp\/index.php?rest_route=\/wp\/v2\/pages\/259\/revisions\/530"}],"wp:featuredmedia":[{"embeddable":true,"href":"https:\/\/richestate.co.jp\/index.php?rest_route=\/wp\/v2\/media\/63"}],"wp:attachment":[{"href":"https:\/\/richestate.co.jp\/index.php?rest_route=%2Fwp%2Fv2%2Fmedia&parent=259"}],"curies":[{"name":"wp","href":"https:\/\/api.w.org\/{rel}","templated":true}]}}